{"id":3214,"date":"2026-01-16T15:28:05","date_gmt":"2026-01-16T15:28:05","guid":{"rendered":"https:\/\/yallafid.com\/?post_type=product&#038;p=3214"},"modified":"2026-01-16T15:28:38","modified_gmt":"2026-01-16T15:28:38","slug":"3214","status":"publish","type":"product","link":"https:\/\/yallafid.com\/?product=3214","title":{"rendered":"chauffe tasse \u00e9lectrique- r\u00e9chaud"},"content":{"rendered":"<p style=\"text-align: center;\"><strong>Chauffe tasse \u00e9lectrique, souvent appel\u00e9 chauffe-caf\u00e9 ou chauffe-boisson, con\u00e7u pour maintenir les liquides au chaud. <\/strong><\/p>\n<ul>\n<li style=\"text-align: left;\">Dot\u00e9 d&rsquo;une plaque chauffante m\u00e9tallique am\u00e9lior\u00e9e qui se r\u00e9chauffe rapidement.<\/li>\n<li style=\"text-align: left;\">Certains mod\u00e8les, comme celui-ci, peuvent \u00e9galement inclure une fonction de ventilation pour l&rsquo;air chaud.<\/li>\n<li style=\"text-align: left;\">Id\u00e9al pour maintenir les boissons comme le th\u00e9 ou le caf\u00e9 \u00e0 une temp\u00e9rature constante pendant une longue p\u00e9riode.<\/li>\n<li style=\"text-align: left;\">Aliment\u00e9s par USB, ce qui les rend pratiques pour une utilisation au bureau ou \u00e0 la maison<\/li>\n<\/ul>\n<p><img loading=\"lazy\" decoding=\"async\" class=\"aligncenter wp-image-3220 size-full\" src=\"https:\/\/yallafid.com\/wp-content\/uploads\/2026\/01\/chauffe-tasse-maison-bureau-temperature-yallafid-cadeau-tunisie.jpg\" alt=\"\" width=\"982\" height=\"982\" srcset=\"https:\/\/yallafid.com\/wp-content\/uploads\/2026\/01\/chauffe-tasse-maison-bureau-temperature-yallafid-cadeau-tunisie.jpg 982w, https:\/\/yallafid.com\/wp-content\/uploads\/2026\/01\/chauffe-tasse-maison-bureau-temperature-yallafid-cadeau-tunisie-300x300.jpg 300w, https:\/\/yallafid.com\/wp-content\/uploads\/2026\/01\/chauffe-tasse-maison-bureau-temperature-yallafid-cadeau-tunisie-150x150.jpg 150w, https:\/\/yallafid.com\/wp-content\/uploads\/2026\/01\/chauffe-tasse-maison-bureau-temperature-yallafid-cadeau-tunisie-768x768.jpg 768w, https:\/\/yallafid.com\/wp-content\/uploads\/2026\/01\/chauffe-tasse-maison-bureau-temperature-yallafid-cadeau-tunisie-600x600.jpg 600w\" sizes=\"auto, (max-width: 982px) 100vw, 982px\" \/> <img loading=\"lazy\" decoding=\"async\" class=\"aligncenter wp-image-3219 size-full\" src=\"https:\/\/yallafid.com\/wp-content\/uploads\/2026\/01\/chauffe-tasse-maison-bureau-temperature-yallafid-cuisine-bureau.jpg\" alt=\"\" width=\"967\" height=\"967\" srcset=\"https:\/\/yallafid.com\/wp-content\/uploads\/2026\/01\/chauffe-tasse-maison-bureau-temperature-yallafid-cuisine-bureau.jpg 967w, https:\/\/yallafid.com\/wp-content\/uploads\/2026\/01\/chauffe-tasse-maison-bureau-temperature-yallafid-cuisine-bureau-300x300.jpg 300w, https:\/\/yallafid.com\/wp-content\/uploads\/2026\/01\/chauffe-tasse-maison-bureau-temperature-yallafid-cuisine-bureau-150x150.jpg 150w, https:\/\/yallafid.com\/wp-content\/uploads\/2026\/01\/chauffe-tasse-maison-bureau-temperature-yallafid-cuisine-bureau-768x768.jpg 768w, https:\/\/yallafid.com\/wp-content\/uploads\/2026\/01\/chauffe-tasse-maison-bureau-temperature-yallafid-cuisine-bureau-600x600.jpg 600w\" sizes=\"auto, (max-width: 967px) 100vw, 967px\" \/> <img loading=\"lazy\" decoding=\"async\" class=\"aligncenter wp-image-3217 size-full\" src=\"https:\/\/yallafid.com\/wp-content\/uploads\/2026\/01\/chauffe-tasse-maison-bureau-temperature-yallafid-.jpg\" alt=\"\" width=\"891\" height=\"891\" srcset=\"https:\/\/yallafid.com\/wp-content\/uploads\/2026\/01\/chauffe-tasse-maison-bureau-temperature-yallafid-.jpg 891w, https:\/\/yallafid.com\/wp-content\/uploads\/2026\/01\/chauffe-tasse-maison-bureau-temperature-yallafid--300x300.jpg 300w, https:\/\/yallafid.com\/wp-content\/uploads\/2026\/01\/chauffe-tasse-maison-bureau-temperature-yallafid--150x150.jpg 150w, https:\/\/yallafid.com\/wp-content\/uploads\/2026\/01\/chauffe-tasse-maison-bureau-temperature-yallafid--768x768.jpg 768w, https:\/\/yallafid.com\/wp-content\/uploads\/2026\/01\/chauffe-tasse-maison-bureau-temperature-yallafid--600x600.jpg 600w\" sizes=\"auto, (max-width: 891px) 100vw, 891px\" \/><\/p>\n<p>&nbsp;<\/p>\n","protected":false},"excerpt":{"rendered":"<ul>\n<li><strong>\u00a02rn1<\/strong> :Support chauffant pour tasses \/r\u00e9chaud<\/li>\n<li><strong>Puissance nominale<\/strong> : 20 W<\/li>\n<li><strong>Plage de temp\u00e9rature<\/strong> : 55 \u00b0C, 65 \u00b0C, 75 \u00b0C<\/li>\n<li><strong>Alimentation<\/strong> : secteur 220 V 50 Hz<\/li>\n<li><strong>Fonction<\/strong> : Vent chaud<\/li>\n<li><strong>Mat\u00e9riau<\/strong> : plastique ABS<\/li>\n<li><strong>Dimensions<\/strong> : 25 \u00d7 17 \u00d7 5 cm<\/li>\n<\/ul>\n","protected":false},"featured_media":3221,"comment_status":"open","ping_status":"closed","template":"","meta":[],"product_brand":[],"product_cat":[15],"product_tag":[],"class_list":{"0":"post-3214","1":"product","2":"type-product","3":"status-publish","4":"has-post-thumbnail","6":"product_cat-uncategorized","7":"product_shipping_class-livraison-7-tnd-fix","9":"first","10":"instock","11":"sale","12":"taxable","13":"shipping-taxable","14":"purchasable","15":"product-type-simple"},"jetpack_sharing_enabled":true,"_links":{"self":[{"href":"https:\/\/yallafid.com\/index.php?rest_route=\/wp\/v2\/product\/3214","targetHints":{"allow":["GET"]}}],"collection":[{"href":"https:\/\/yallafid.com\/index.php?rest_route=\/wp\/v2\/product"}],"about":[{"href":"https:\/\/yallafid.com\/index.php?rest_route=\/wp\/v2\/types\/product"}],"replies":[{"embeddable":true,"href":"https:\/\/yallafid.com\/index.php?rest_route=%2Fwp%2Fv2%2Fcomments&post=3214"}],"version-history":[{"count":3,"href":"https:\/\/yallafid.com\/index.php?rest_route=\/wp\/v2\/product\/3214\/revisions"}],"predecessor-version":[{"id":3223,"href":"https:\/\/yallafid.com\/index.php?rest_route=\/wp\/v2\/product\/3214\/revisions\/3223"}],"wp:featuredmedia":[{"embeddable":true,"href":"https:\/\/yallafid.com\/index.php?rest_route=\/wp\/v2\/media\/3221"}],"wp:attachment":[{"href":"https:\/\/yallafid.com\/index.php?rest_route=%2Fwp%2Fv2%2Fmedia&parent=3214"}],"wp:term":[{"taxonomy":"product_brand","embeddable":true,"href":"https:\/\/yallafid.com\/index.php?rest_route=%2Fwp%2Fv2%2Fproduct_brand&post=3214"},{"taxonomy":"product_cat","embeddable":true,"href":"https:\/\/yallafid.com\/index.php?rest_route=%2Fwp%2Fv2%2Fproduct_cat&post=3214"},{"taxonomy":"product_tag","embeddable":true,"href":"https:\/\/yallafid.com\/index.php?rest_route=%2Fwp%2Fv2%2Fproduct_tag&post=3214"}],"curies":[{"name":"wp","href":"https:\/\/api.w.org\/{rel}","templated":true}]}}