{"id":3225,"date":"2026-01-16T15:36:03","date_gmt":"2026-01-16T15:36:03","guid":{"rendered":"https:\/\/yallafid.com\/?post_type=product&#038;p=3225"},"modified":"2026-01-16T15:47:51","modified_gmt":"2026-01-16T15:47:51","slug":"pique-pate-en-plastique","status":"publish","type":"product","link":"https:\/\/yallafid.com\/?product=pique-pate-en-plastique","title":{"rendered":"Pique pate en plastique"},"content":{"rendered":"<h1 style=\"text-align: center;\"><strong>Rouleau pique-vite, rouleau pique-p\u00e2te ou docker de p\u00e2te \u00e0 pizza.<\/strong><\/h1>\n<ul>\n<li>Cet ustensile de p\u00e2tisserie est utilis\u00e9 pour perforer la p\u00e2te \u00e0 tarte ou \u00e0 pizza avant la cuisson.<\/li>\n<li>Permet d&rsquo;\u00e9viter que la p\u00e2te ne gonfle excessivement en lib\u00e9rant la vapeur pendant la cuisson.<\/li>\n<li>Le mod\u00e8le pr\u00e9sent\u00e9 est en plastique blanc et poss\u00e8de une poign\u00e9e pour une utilisation facile.<\/li>\n<li>Consid\u00e9r\u00e9 comme une alternative plus rapide \u00e0 l&rsquo;utilisation d&rsquo;une fourchette.<\/li>\n<\/ul>\n<p><img loading=\"lazy\" decoding=\"async\" class=\"aligncenter wp-image-3227 size-full\" src=\"https:\/\/yallafid.com\/wp-content\/uploads\/2026\/01\/rouleau-pate-yallafid-vente-rapide-tunisie-cuisine-pique-plastique-2.jpg\" alt=\"\" width=\"999\" height=\"999\" srcset=\"https:\/\/yallafid.com\/wp-content\/uploads\/2026\/01\/rouleau-pate-yallafid-vente-rapide-tunisie-cuisine-pique-plastique-2.jpg 999w, https:\/\/yallafid.com\/wp-content\/uploads\/2026\/01\/rouleau-pate-yallafid-vente-rapide-tunisie-cuisine-pique-plastique-2-300x300.jpg 300w, https:\/\/yallafid.com\/wp-content\/uploads\/2026\/01\/rouleau-pate-yallafid-vente-rapide-tunisie-cuisine-pique-plastique-2-150x150.jpg 150w, https:\/\/yallafid.com\/wp-content\/uploads\/2026\/01\/rouleau-pate-yallafid-vente-rapide-tunisie-cuisine-pique-plastique-2-768x768.jpg 768w, https:\/\/yallafid.com\/wp-content\/uploads\/2026\/01\/rouleau-pate-yallafid-vente-rapide-tunisie-cuisine-pique-plastique-2-600x600.jpg 600w\" sizes=\"auto, (max-width: 999px) 100vw, 999px\" \/><\/p>\n","protected":false},"excerpt":{"rendered":"<ul>\n<li><strong>Mat\u00e9riau<\/strong> :Plastique de haute qualit\u00e9<\/li>\n<li><strong>Couleur<\/strong> : blanc<\/li>\n<li><strong>Marque<\/strong> :BARONESS<\/li>\n<li>Made in T\u00fcrkiye<\/li>\n<li>Un ustensile indispensable dans toute cuisine<\/li>\n<li>Peut passer au lave-vaisselle : Oui<\/li>\n<li>Ideal pour les pates et les g\u00e2teaux<\/li>\n<\/ul>\n","protected":false},"featured_media":3227,"comment_status":"open","ping_status":"closed","template":"","meta":[],"product_brand":[],"product_cat":[20,24],"product_tag":[],"class_list":{"0":"post-3225","1":"product","2":"type-product","3":"status-publish","4":"has-post-thumbnail","6":"product_cat-cuisine","7":"product_cat-ustensiles-cuisine","8":"product_shipping_class-livraison-7-tnd-fix","10":"first","11":"instock","12":"sale","13":"taxable","14":"shipping-taxable","15":"purchasable","16":"product-type-simple"},"jetpack_sharing_enabled":true,"_links":{"self":[{"href":"https:\/\/yallafid.com\/index.php?rest_route=\/wp\/v2\/product\/3225","targetHints":{"allow":["GET"]}}],"collection":[{"href":"https:\/\/yallafid.com\/index.php?rest_route=\/wp\/v2\/product"}],"about":[{"href":"https:\/\/yallafid.com\/index.php?rest_route=\/wp\/v2\/types\/product"}],"replies":[{"embeddable":true,"href":"https:\/\/yallafid.com\/index.php?rest_route=%2Fwp%2Fv2%2Fcomments&post=3225"}],"version-history":[{"count":2,"href":"https:\/\/yallafid.com\/index.php?rest_route=\/wp\/v2\/product\/3225\/revisions"}],"predecessor-version":[{"id":3232,"href":"https:\/\/yallafid.com\/index.php?rest_route=\/wp\/v2\/product\/3225\/revisions\/3232"}],"wp:featuredmedia":[{"embeddable":true,"href":"https:\/\/yallafid.com\/index.php?rest_route=\/wp\/v2\/media\/3227"}],"wp:attachment":[{"href":"https:\/\/yallafid.com\/index.php?rest_route=%2Fwp%2Fv2%2Fmedia&parent=3225"}],"wp:term":[{"taxonomy":"product_brand","embeddable":true,"href":"https:\/\/yallafid.com\/index.php?rest_route=%2Fwp%2Fv2%2Fproduct_brand&post=3225"},{"taxonomy":"product_cat","embeddable":true,"href":"https:\/\/yallafid.com\/index.php?rest_route=%2Fwp%2Fv2%2Fproduct_cat&post=3225"},{"taxonomy":"product_tag","embeddable":true,"href":"https:\/\/yallafid.com\/index.php?rest_route=%2Fwp%2Fv2%2Fproduct_tag&post=3225"}],"curies":[{"name":"wp","href":"https:\/\/api.w.org\/{rel}","templated":true}]}}