{"id":3231,"date":"2026-01-16T15:44:10","date_gmt":"2026-01-16T15:44:10","guid":{"rendered":"https:\/\/yallafid.com\/?post_type=product&#038;p=3231"},"modified":"2026-01-16T15:46:04","modified_gmt":"2026-01-16T15:46:04","slug":"egouttoir-a-vaisselle-extensible-et-retractable","status":"publish","type":"product","link":"https:\/\/yallafid.com\/?product=egouttoir-a-vaisselle-extensible-et-retractable","title":{"rendered":"Egouttoir \u00e0 vaisselle extensible et r\u00e9tractable"},"content":{"rendered":"<p style=\"text-align: center;\"><strong>\u00c9gouttoir \u00e0 vaisselle r\u00e9tractable \u2013 S\u00e9choir \u00e0 vaisselle extensible en plastique pour plan de travail, plateau d\u2019\u00e9gouttage coulissant- made in T\u00fcrkiye<\/strong><\/p>\n<ul>\n<li><strong>Conception pliable<\/strong> : Gain de place gr\u00e2ce \u00e0 son pliage apr\u00e8s utilisation.<\/li>\n<li><strong>Fonctionnalit\u00e9 extensible<\/strong> : Taille extensible selon les besoins.<\/li>\n<li><strong>\u00c9vacuation de l\u2019eau<\/strong> : Le syst\u00e8me d\u2019\u00e9vacuation int\u00e9gr\u00e9 garde le comptoir au sec.<\/li>\n<li>Organisateur pour fourchettes, couteaux et assiettes : Vous pouvez ranger tous vos ustensiles de cuisine de mani\u00e8re ordonn\u00e9e.<\/li>\n<\/ul>\n<p><img loading=\"lazy\" decoding=\"async\" class=\"aligncenter wp-image-3236 size-full\" src=\"https:\/\/yallafid.com\/wp-content\/uploads\/2026\/01\/egoutoir-plastique-cuisine-vente-rapide-yallafid-promotion-tunisie-2EN1-1.jpg\" alt=\"\" width=\"621\" height=\"621\" srcset=\"https:\/\/yallafid.com\/wp-content\/uploads\/2026\/01\/egoutoir-plastique-cuisine-vente-rapide-yallafid-promotion-tunisie-2EN1-1.jpg 621w, https:\/\/yallafid.com\/wp-content\/uploads\/2026\/01\/egoutoir-plastique-cuisine-vente-rapide-yallafid-promotion-tunisie-2EN1-1-300x300.jpg 300w, https:\/\/yallafid.com\/wp-content\/uploads\/2026\/01\/egoutoir-plastique-cuisine-vente-rapide-yallafid-promotion-tunisie-2EN1-1-150x150.jpg 150w, https:\/\/yallafid.com\/wp-content\/uploads\/2026\/01\/egoutoir-plastique-cuisine-vente-rapide-yallafid-promotion-tunisie-2EN1-1-600x600.jpg 600w\" sizes=\"auto, (max-width: 621px) 100vw, 621px\" \/><\/p>\n<ul>\n<li><strong>Facile \u00e0 nettoyer :<\/strong> Utilisation hygi\u00e9nique gr\u00e2ce au corps en plastique.<\/li>\n<li><strong>Utilisation sur le plan de travail :<\/strong> Offre une solution pratique dans la cuisine.<\/li>\n<li><strong>Mat\u00e9riau plastique durable<\/strong> : Construction robuste pour une utilisation durable.<\/li>\n<\/ul>\n<p><img loading=\"lazy\" decoding=\"async\" class=\"aligncenter wp-image-3233 size-full\" src=\"https:\/\/yallafid.com\/wp-content\/uploads\/2026\/01\/egoutoir-plastique-cuisine-Yallafid-vente-en-ligne-tunisie-2EN1-3.jpg\" alt=\"\" width=\"812\" height=\"812\" srcset=\"https:\/\/yallafid.com\/wp-content\/uploads\/2026\/01\/egoutoir-plastique-cuisine-Yallafid-vente-en-ligne-tunisie-2EN1-3.jpg 812w, https:\/\/yallafid.com\/wp-content\/uploads\/2026\/01\/egoutoir-plastique-cuisine-Yallafid-vente-en-ligne-tunisie-2EN1-3-300x300.jpg 300w, https:\/\/yallafid.com\/wp-content\/uploads\/2026\/01\/egoutoir-plastique-cuisine-Yallafid-vente-en-ligne-tunisie-2EN1-3-150x150.jpg 150w, https:\/\/yallafid.com\/wp-content\/uploads\/2026\/01\/egoutoir-plastique-cuisine-Yallafid-vente-en-ligne-tunisie-2EN1-3-768x768.jpg 768w, https:\/\/yallafid.com\/wp-content\/uploads\/2026\/01\/egoutoir-plastique-cuisine-Yallafid-vente-en-ligne-tunisie-2EN1-3-600x600.jpg 600w\" sizes=\"auto, (max-width: 812px) 100vw, 812px\" \/><\/p>\n","protected":false},"excerpt":{"rendered":"<ul>\n<li>Ajust\u00e9 en taille pour s\u2019adapter \u00e0 l\u2019espace disponible.<\/li>\n<li>Un porte ustensiles amovible peut \u00eatre positionn\u00e9 n\u2019importe o\u00f9 sur l\u2019\u00e9gouttoir.<\/li>\n<li><strong>Mati\u00e8re<\/strong> : plastique durable sans BPA.<\/li>\n<li>Passe au lave-vaisselle.<\/li>\n<li>Made in T\u00fcrkiye<\/li>\n<li><strong>Couleur<\/strong> : beige -gr\u00e8ge<\/li>\n<\/ul>\n","protected":false},"featured_media":3233,"comment_status":"open","ping_status":"closed","template":"","meta":[],"product_brand":[],"product_cat":[20,25],"product_tag":[],"class_list":{"0":"post-3231","1":"product","2":"type-product","3":"status-publish","4":"has-post-thumbnail","6":"product_cat-cuisine","7":"product_cat-rangement-cuisine","8":"product_shipping_class-livraison-7-tnd-fix","10":"first","11":"instock","12":"sale","13":"taxable","14":"shipping-taxable","15":"purchasable","16":"product-type-simple"},"jetpack_sharing_enabled":true,"_links":{"self":[{"href":"https:\/\/yallafid.com\/index.php?rest_route=\/wp\/v2\/product\/3231","targetHints":{"allow":["GET"]}}],"collection":[{"href":"https:\/\/yallafid.com\/index.php?rest_route=\/wp\/v2\/product"}],"about":[{"href":"https:\/\/yallafid.com\/index.php?rest_route=\/wp\/v2\/types\/product"}],"replies":[{"embeddable":true,"href":"https:\/\/yallafid.com\/index.php?rest_route=%2Fwp%2Fv2%2Fcomments&post=3231"}],"version-history":[{"count":2,"href":"https:\/\/yallafid.com\/index.php?rest_route=\/wp\/v2\/product\/3231\/revisions"}],"predecessor-version":[{"id":3240,"href":"https:\/\/yallafid.com\/index.php?rest_route=\/wp\/v2\/product\/3231\/revisions\/3240"}],"wp:featuredmedia":[{"embeddable":true,"href":"https:\/\/yallafid.com\/index.php?rest_route=\/wp\/v2\/media\/3233"}],"wp:attachment":[{"href":"https:\/\/yallafid.com\/index.php?rest_route=%2Fwp%2Fv2%2Fmedia&parent=3231"}],"wp:term":[{"taxonomy":"product_brand","embeddable":true,"href":"https:\/\/yallafid.com\/index.php?rest_route=%2Fwp%2Fv2%2Fproduct_brand&post=3231"},{"taxonomy":"product_cat","embeddable":true,"href":"https:\/\/yallafid.com\/index.php?rest_route=%2Fwp%2Fv2%2Fproduct_cat&post=3231"},{"taxonomy":"product_tag","embeddable":true,"href":"https:\/\/yallafid.com\/index.php?rest_route=%2Fwp%2Fv2%2Fproduct_tag&post=3231"}],"curies":[{"name":"wp","href":"https:\/\/api.w.org\/{rel}","templated":true}]}}