{"id":3241,"date":"2026-01-16T16:25:00","date_gmt":"2026-01-16T16:25:00","guid":{"rendered":"https:\/\/yallafid.com\/?post_type=product&#038;p=3241"},"modified":"2026-01-16T16:25:01","modified_gmt":"2026-01-16T16:25:01","slug":"baton-de-baseball-bat-chuangxin-en-aluminium","status":"publish","type":"product","link":"https:\/\/yallafid.com\/?product=baton-de-baseball-bat-chuangxin-en-aluminium","title":{"rendered":"B\u00e2ton de baseball Bat Chuangxin en aluminium"},"content":{"rendered":"<h1 style=\"text-align: center;\"><strong>Batte de baseball Bat Chuangxin<\/strong><\/h1>\n<ul>\n<li><strong>Batte de baseball de haute qualit\u00e9<\/strong> : adopte une poign\u00e9e l\u00e9g\u00e8re et mince et une poign\u00e9e antid\u00e9rapante en caoutchouc absorbant les chocs. Artisanat exquis et solide qui garantit la meilleure exp\u00e9rience pour les clients.<\/li>\n<li><strong>Robuste et durable<\/strong> : la tige de la batte de baseball est fabriqu\u00e9e en alliage d&rsquo;aluminium durable avec des lignes globales lisses. Beau et durable, facile \u00e0 transporter et \u00e0 balancer. Vous pouvez r\u00e9aliser vos sports de haute performance.<\/li>\n<li><strong>Poign\u00e9e antid\u00e9rapante<\/strong> : vous n&rsquo;avez pas besoin de vous inqui\u00e9ter que la poign\u00e9e glisse de vos mains en raison de la sueur. La structure l\u00e9g\u00e8re am\u00e9liore non seulement la vitesse de la balle, mais elle \u00e9quilibre \u00e9galement la r\u00e9partition du poids et garantit que vous pouvez facilement balancer pour s&rsquo;adapter \u00e0 votre main.<\/li>\n<\/ul>\n<p>&nbsp;<\/p>\n<p><img loading=\"lazy\" decoding=\"async\" class=\"aligncenter wp-image-3244 size-full\" src=\"https:\/\/yallafid.com\/wp-content\/uploads\/2026\/01\/Batte-baseball-alliage-daluminium-sortie-familiale-sport-promotion-tunisie-4.jpg\" alt=\"\" width=\"718\" height=\"718\" srcset=\"https:\/\/yallafid.com\/wp-content\/uploads\/2026\/01\/Batte-baseball-alliage-daluminium-sortie-familiale-sport-promotion-tunisie-4.jpg 718w, https:\/\/yallafid.com\/wp-content\/uploads\/2026\/01\/Batte-baseball-alliage-daluminium-sortie-familiale-sport-promotion-tunisie-4-300x300.jpg 300w, https:\/\/yallafid.com\/wp-content\/uploads\/2026\/01\/Batte-baseball-alliage-daluminium-sortie-familiale-sport-promotion-tunisie-4-150x150.jpg 150w, https:\/\/yallafid.com\/wp-content\/uploads\/2026\/01\/Batte-baseball-alliage-daluminium-sortie-familiale-sport-promotion-tunisie-4-600x600.jpg 600w\" sizes=\"auto, (max-width: 718px) 100vw, 718px\" \/><\/p>\n","protected":false},"excerpt":{"rendered":"<ul>\n<li>Fabriqu\u00e9e en alliage d&rsquo;aluminium de haute qualit\u00e9<\/li>\n<li><strong>Longueur<\/strong> : 82 cm est<\/li>\n<li>Parfait pour les jeunes et les adultes<\/li>\n<li>Id\u00e9ale pour l&rsquo;entra\u00eenement en plein air ou la protection de la maison<\/li>\n<li><strong>Facile \u00e0 manipuler<\/strong> : la prise en main confortable<\/li>\n<\/ul>\n","protected":false},"featured_media":3242,"comment_status":"open","ping_status":"closed","template":"","meta":[],"product_brand":[],"product_cat":[96,86],"product_tag":[],"class_list":{"0":"post-3241","1":"product","2":"type-product","3":"status-publish","4":"has-post-thumbnail","6":"product_cat-accessoires-sport","7":"product_cat-sport","8":"product_shipping_class-livraison-7-tnd-fix","10":"first","11":"instock","12":"sale","13":"taxable","14":"shipping-taxable","15":"purchasable","16":"product-type-simple"},"jetpack_sharing_enabled":true,"_links":{"self":[{"href":"https:\/\/yallafid.com\/index.php?rest_route=\/wp\/v2\/product\/3241","targetHints":{"allow":["GET"]}}],"collection":[{"href":"https:\/\/yallafid.com\/index.php?rest_route=\/wp\/v2\/product"}],"about":[{"href":"https:\/\/yallafid.com\/index.php?rest_route=\/wp\/v2\/types\/product"}],"replies":[{"embeddable":true,"href":"https:\/\/yallafid.com\/index.php?rest_route=%2Fwp%2Fv2%2Fcomments&post=3241"}],"version-history":[{"count":2,"href":"https:\/\/yallafid.com\/index.php?rest_route=\/wp\/v2\/product\/3241\/revisions"}],"predecessor-version":[{"id":3250,"href":"https:\/\/yallafid.com\/index.php?rest_route=\/wp\/v2\/product\/3241\/revisions\/3250"}],"wp:featuredmedia":[{"embeddable":true,"href":"https:\/\/yallafid.com\/index.php?rest_route=\/wp\/v2\/media\/3242"}],"wp:attachment":[{"href":"https:\/\/yallafid.com\/index.php?rest_route=%2Fwp%2Fv2%2Fmedia&parent=3241"}],"wp:term":[{"taxonomy":"product_brand","embeddable":true,"href":"https:\/\/yallafid.com\/index.php?rest_route=%2Fwp%2Fv2%2Fproduct_brand&post=3241"},{"taxonomy":"product_cat","embeddable":true,"href":"https:\/\/yallafid.com\/index.php?rest_route=%2Fwp%2Fv2%2Fproduct_cat&post=3241"},{"taxonomy":"product_tag","embeddable":true,"href":"https:\/\/yallafid.com\/index.php?rest_route=%2Fwp%2Fv2%2Fproduct_tag&post=3241"}],"curies":[{"name":"wp","href":"https:\/\/api.w.org\/{rel}","templated":true}]}}