{"id":3261,"date":"2026-01-17T21:07:48","date_gmt":"2026-01-17T21:07:48","guid":{"rendered":"https:\/\/yallafid.com\/?post_type=product&#038;p=3261"},"modified":"2026-01-17T21:10:38","modified_gmt":"2026-01-17T21:10:38","slug":"organisateur-de-tiroir-a-oeufs-a-deux-niveaux","status":"publish","type":"product","link":"https:\/\/yallafid.com\/?product=organisateur-de-tiroir-a-oeufs-a-deux-niveaux","title":{"rendered":"Organisateur de tiroir \u00e0 \u0153ufs \u00e0 deux niveaux."},"content":{"rendered":"<h1 style=\"text-align: center;\"><strong>Support \u00e0 \u0153ufs de 32 capacit\u00e9s pour r\u00e9frig\u00e9rateur, r\u00e9cipient \u00e0 \u0153ufs pour r\u00e9frig\u00e9rateur, 2 tiroirs de rangement pour \u0153ufs<\/strong><\/h1>\n<p>&nbsp;<\/p>\n<p><img loading=\"lazy\" decoding=\"async\" class=\"aligncenter wp-image-3264 size-full\" src=\"https:\/\/yallafid.com\/wp-content\/uploads\/2026\/01\/orgnisateur-cuiine-ouefs-deux-niveaux-promotion-yallafid-tunisie-e.jpg\" alt=\"\" width=\"821\" height=\"821\" srcset=\"https:\/\/yallafid.com\/wp-content\/uploads\/2026\/01\/orgnisateur-cuiine-ouefs-deux-niveaux-promotion-yallafid-tunisie-e.jpg 821w, https:\/\/yallafid.com\/wp-content\/uploads\/2026\/01\/orgnisateur-cuiine-ouefs-deux-niveaux-promotion-yallafid-tunisie-e-300x300.jpg 300w, https:\/\/yallafid.com\/wp-content\/uploads\/2026\/01\/orgnisateur-cuiine-ouefs-deux-niveaux-promotion-yallafid-tunisie-e-150x150.jpg 150w, https:\/\/yallafid.com\/wp-content\/uploads\/2026\/01\/orgnisateur-cuiine-ouefs-deux-niveaux-promotion-yallafid-tunisie-e-768x768.jpg 768w, https:\/\/yallafid.com\/wp-content\/uploads\/2026\/01\/orgnisateur-cuiine-ouefs-deux-niveaux-promotion-yallafid-tunisie-e-600x600.jpg 600w\" sizes=\"auto, (max-width: 821px) 100vw, 821px\" \/><\/p>\n","protected":false},"excerpt":{"rendered":"<ul>\n<li><strong>Capacit\u00e9<\/strong> : 32 \u0153ufs<\/li>\n<li><strong>Dimensions<\/strong>\u00a0: 22,5 x 22,5 x 15 cm (L x l x H)<\/li>\n<li><span data-huuid=\"10964239574331990024\"><span data-huuid=\"10964239574331990024\">Con\u00e7u pour le stockage et l&rsquo;organisation des \u0153ufs<\/span><\/span><\/li>\n<li><span data-huuid=\"10964239574331990024\"><span data-huuid=\"10964239574331990024\">Optimisant l&rsquo;espace dans un r\u00e9frig\u00e9rateur ou sur un comptoir. <\/span><\/span><\/li>\n<li>Dispose de deux niveaux empilables pour une capacit\u00e9 de stockage accrue.<\/li>\n<li>Fabriqu\u00e9 en plastique transparent pour une visibilit\u00e9 facile du contenu.<\/li>\n<li>Chaque \u0153uf est plac\u00e9 s\u00e9par\u00e9ment dans une rainure pour \u00e9viter qu&rsquo;il ne se heurte et ne se casse.<span class=\"pjBG2e\" data-cid=\"5c8a6894-3df0-4f1f-8881-7c15ab432a12\"><span class=\"UV3uM\">\u00a0<\/span><\/span><\/li>\n<\/ul>\n","protected":false},"featured_media":3267,"comment_status":"open","ping_status":"closed","template":"","meta":[],"product_brand":[],"product_cat":[15],"product_tag":[],"class_list":{"0":"post-3261","1":"product","2":"type-product","3":"status-publish","4":"has-post-thumbnail","6":"product_cat-uncategorized","7":"product_shipping_class-livraison-7-tnd-fix","9":"first","10":"instock","11":"sale","12":"taxable","13":"shipping-taxable","14":"purchasable","15":"product-type-simple"},"jetpack_sharing_enabled":true,"_links":{"self":[{"href":"https:\/\/yallafid.com\/index.php?rest_route=\/wp\/v2\/product\/3261","targetHints":{"allow":["GET"]}}],"collection":[{"href":"https:\/\/yallafid.com\/index.php?rest_route=\/wp\/v2\/product"}],"about":[{"href":"https:\/\/yallafid.com\/index.php?rest_route=\/wp\/v2\/types\/product"}],"replies":[{"embeddable":true,"href":"https:\/\/yallafid.com\/index.php?rest_route=%2Fwp%2Fv2%2Fcomments&post=3261"}],"version-history":[{"count":3,"href":"https:\/\/yallafid.com\/index.php?rest_route=\/wp\/v2\/product\/3261\/revisions"}],"predecessor-version":[{"id":3269,"href":"https:\/\/yallafid.com\/index.php?rest_route=\/wp\/v2\/product\/3261\/revisions\/3269"}],"wp:featuredmedia":[{"embeddable":true,"href":"https:\/\/yallafid.com\/index.php?rest_route=\/wp\/v2\/media\/3267"}],"wp:attachment":[{"href":"https:\/\/yallafid.com\/index.php?rest_route=%2Fwp%2Fv2%2Fmedia&parent=3261"}],"wp:term":[{"taxonomy":"product_brand","embeddable":true,"href":"https:\/\/yallafid.com\/index.php?rest_route=%2Fwp%2Fv2%2Fproduct_brand&post=3261"},{"taxonomy":"product_cat","embeddable":true,"href":"https:\/\/yallafid.com\/index.php?rest_route=%2Fwp%2Fv2%2Fproduct_cat&post=3261"},{"taxonomy":"product_tag","embeddable":true,"href":"https:\/\/yallafid.com\/index.php?rest_route=%2Fwp%2Fv2%2Fproduct_tag&post=3261"}],"curies":[{"name":"wp","href":"https:\/\/api.w.org\/{rel}","templated":true}]}}